{"id":6840,"date":"2023-11-16T13:47:48","date_gmt":"2023-11-16T13:47:48","guid":{"rendered":"https:\/\/demo.wpzoom.com\/inspiro-lite-blocks-xml\/?page_id=6840"},"modified":"2026-03-17T07:23:20","modified_gmt":"2026-03-17T07:23:20","slug":"servizi","status":"publish","type":"page","link":"https:\/\/www.marteeventi.com\/index.php\/servizi\/","title":{"rendered":"Servizi"},"content":{"rendered":"\r\n<h2 class=\"wp-elements-9fb1b9c9680daf0cdf139402f0301bd8 has-global-padding is-layout-constrained wp-container-core-group-is-layout-3a820303 wp-block-group-is-layout-constrained\" style=\"text-align: left;\">\u00a0<\/h2>\r\n<p>&nbsp;<\/p>\r\n<p>&nbsp;<\/p>\r\n<div class=\"wp-block-group has-text-color has-link-color\" style=\"color: #000000; padding-right: var(--wp--preset--spacing--small); padding-left: var(--wp--preset--spacing--small);\">\r\n<div class=\"wp-block-columns\">\r\n<div class=\"wp-block-column\">\r\n<h3 class=\"wp-block-heading has-large-font-size\" style=\"font-style: normal; font-weight: 100; text-align: center;\"><em>\u201cLa creativit\u00e0 \u00e8 l\u2019intelligenza che si diverte.\u201d A.Eistein<\/em><br \/>Creare eventi unici e originali \u00e8 ci\u00f2 che mi spinge a ricercare sempre nuove idee e ispirazioni.<\/h3>\r\n<\/div>\r\n<\/div>\r\n<p>&nbsp;<\/p>\r\n<\/div>\r\n<div style=\"text-align: center;\" aria-hidden=\"true\">\r\n<p><iframe loading=\"lazy\" title=\"Prima domenica di Fiera - 8 Febbraio 2026 - Antica Fiera di San Valentino\" width=\"950\" height=\"534\" src=\"https:\/\/www.youtube.com\/embed\/FOYxIVcA-mo?feature=oembed\" frameborder=\"0\" allow=\"accelerometer; autoplay; clipboard-write; encrypted-media; gyroscope; picture-in-picture; web-share\" referrerpolicy=\"strict-origin-when-cross-origin\" allowfullscreen><\/iframe><\/p>\r\n<p>&nbsp;<\/p>\r\n<\/div>\r\n\r\n\r\n\r\n<div class=\"wp-block-group alignfull has-text-color has-background has-link-color wp-elements-dd14a32310ae6cc0ac7de79a92ba41b7 has-global-padding is-layout-constrained wp-block-group-is-layout-constrained\" style=\"color: #000000; background-color: #e5e9ec; padding-top: var(--wp--preset--spacing--small); padding-bottom: var(--wp--preset--spacing--small);\">\r\n<div class=\"wp-block-columns is-layout-flex wp-container-core-columns-is-layout-28f84493 wp-block-columns-is-layout-flex\">\r\n<div class=\"wp-block-column\">\r\n<p class=\"has-huge-font-size\">\u00a0<\/p>\r\n<h3 class=\"wp-block-heading has-extra-large-font-size\">ORGANIZZAZIONE EVENTI<\/h3>\r\n<p>Ogni evento \u00e8 un\u2019esperienza da vivere.<br \/>Un\u2019esperienza fatta di parole, immagini, suoni, colori che vengono scelti per esprimere al meglio il focus<br \/>dell\u2019evento per far s\u00ec che possa restare nel cuore e nella mente di chi vi partecipa.<br \/>Un evento \u00e8 un contenuto complesso che richiede la capacit\u00e0 di pensare e organizzare molteplici aspetti<br \/>che appartengono a svariate categorie, da quelle pi\u00f9 artistiche a quelle pi\u00f9 tecniche, oltre che la<br \/>competenza di saper gestire gli imprevisti e i problemi che si presentano, trasformandoli, perch\u00e9 no, in<br \/>eventuali punti di forza.<br \/>Un buon organizzatore di eventi deve saper cogliere la richiesta di chi ha davanti, e in base al contesto e alle<br \/>risorse a disposizione, saper proporre la migliore offerta possibile.<\/p>\r\n<\/div>\r\n<div class=\"wp-block-column\" style=\"padding: 3em;\">\r\n<p class=\"has-huge-font-size\">\u00a0<\/p>\r\n<h3 class=\"wp-block-heading has-extra-large-font-size\">ALLESTIMENTI<\/h3>\r\n<p>La creazione di un allestimento \u00e8 un\u2019operazione che richiede la capacit\u00e0 di immaginare qualcosa che poi<br \/>possa essere trasformato in realt\u00e0.<br \/>E cos\u00ec forme, colori, materiali iniziano ad affiorare nella mente e trovano in un foglio bianco il luogo ideale<br \/>in cui combinarsi con la giusta dose di equilibrio e follia creativa.<br \/>Dal bozzetto iniziale il pi\u00f9 delle volte capita di dover modificare in corso d\u2019opera qualche dettaglio, ma<br \/>creare \u00e8 un percorso che necessita di movimento, e quindi di cambiamento, per essere vivo e autentico.<br \/>Tre semplici cose di cui non potrei fare a meno per un mio allestimento? Fiori, carta, nastri.<\/p>\r\n<\/div>\r\n<div class=\"wp-block-column\" style=\"padding-top: 6em;\">\r\n<p class=\"has-huge-font-size\">\u00a0<\/p>\r\n<h3 class=\"wp-block-heading has-extra-large-font-size\">MARKETING TERRITORIALE<\/h3>\r\n<p>Ho scelto di specializzarmi nella realizzazione di eventi come strumento di marketing territoriale perch\u00e9<br \/>sono convinta che ogni territorio, piccolo o grande che sia, abbia qualcosa di unico da raccontare e merita<br \/>di essere riconosciuto e valorizzato.<br \/>Il marketing territoriale \u00e8 quel complesso di attivit\u00e0 che hanno come specifica finalit\u00e0 la definizione di<br \/>progetti, programmi e strategie volte a promuovere una determinata area geografica.<br \/>Si tratta quindi di individuare i punti di forza di un territorio e attuare una serie di strategie per valorizzarli e<br \/>promuoverli.<br \/>L\u2019evento viene quindi ideato e creato per quel territorio specifico, valorizzandone le sue specificit\u00e0,<br \/>coinvolgendo gli attori locali per dare vita a momenti di crescita culturale, sociale ed economica.<\/p>\r\n<\/div>\r\n<\/div>\r\n<div class=\"wp-block-columns\">\r\n<div class=\"wp-block-column\" style=\"padding-top: 6em;\">\r\n<div class=\"wp-block-spacer\" style=\"height: 10px;\" aria-hidden=\"true\">\u00a0<\/div>\r\n<\/div>\r\n<\/div>\r\n<\/div>\r\n","protected":false},"excerpt":{"rendered":"<p>\u00a0 &nbsp; &nbsp; \u201cLa creativit\u00e0 \u00e8 l\u2019intelligenza che si diverte.\u201d A.EisteinCreare eventi unici e originali \u00e8 ci\u00f2 che mi spinge a ricercare sempre nuove idee e ispirazioni. &nbsp; &nbsp; \u00a0 ORGANIZZAZIONE EVENTI Ogni evento \u00e8 un\u2019esperienza da vivere.Un\u2019esperienza fatta di parole, immagini, suoni, colori che vengono scelti per esprimere al meglio il focusdell\u2019evento per far &hellip; <\/p>\n<p class=\"link-more\"><a href=\"https:\/\/www.marteeventi.com\/index.php\/servizi\/\" class=\"more-link\">Leggi tutto<span class=\"screen-reader-text\"> &#8220;Servizi&#8221;<\/span><\/a><\/p>\n","protected":false},"author":1,"featured_media":0,"parent":0,"menu_order":0,"comment_status":"closed","ping_status":"closed","template":"page-templates\/full-width-no-title.php","meta":{"inspiro_hide_title":false,"footnotes":""},"class_list":["post-6840","page","type-page","status-publish","hentry"],"featured_media_urls":[],"_links":{"self":[{"href":"https:\/\/www.marteeventi.com\/index.php\/wp-json\/wp\/v2\/pages\/6840","targetHints":{"allow":["GET"]}}],"collection":[{"href":"https:\/\/www.marteeventi.com\/index.php\/wp-json\/wp\/v2\/pages"}],"about":[{"href":"https:\/\/www.marteeventi.com\/index.php\/wp-json\/wp\/v2\/types\/page"}],"author":[{"embeddable":true,"href":"https:\/\/www.marteeventi.com\/index.php\/wp-json\/wp\/v2\/users\/1"}],"replies":[{"embeddable":true,"href":"https:\/\/www.marteeventi.com\/index.php\/wp-json\/wp\/v2\/comments?post=6840"}],"version-history":[{"count":26,"href":"https:\/\/www.marteeventi.com\/index.php\/wp-json\/wp\/v2\/pages\/6840\/revisions"}],"predecessor-version":[{"id":7112,"href":"https:\/\/www.marteeventi.com\/index.php\/wp-json\/wp\/v2\/pages\/6840\/revisions\/7112"}],"wp:attachment":[{"href":"https:\/\/www.marteeventi.com\/index.php\/wp-json\/wp\/v2\/media?parent=6840"}],"curies":[{"name":"wp","href":"https:\/\/api.w.org\/{rel}","templated":true}]}}