{"id":6837,"date":"2023-11-16T13:46:59","date_gmt":"2023-11-16T13:46:59","guid":{"rendered":"https:\/\/demo.wpzoom.com\/inspiro-lite-blocks-xml\/?page_id=6837"},"modified":"2026-03-18T07:47:08","modified_gmt":"2026-03-18T07:47:08","slug":"chisono","status":"publish","type":"page","link":"https:\/\/www.marteeventi.com\/index.php\/chisono\/","title":{"rendered":"Chi sono"},"content":{"rendered":"<h4 style=\"text-align: left;\"><strong><span style=\"color: #ff0000;\">Chi sono<\/span><\/strong><\/h4>\n<p>Mi chiamo Arianna Greggio e dal 2020 mi occupo dell\u2019organizzazione di eventi. S\u00ec, lo so, dire eventi e anno 2020 nella stessa frase sembra davvero una cosa assurda. Eppure \u00e8 cos\u00ec: ho aperto partita iva come organizzatrice di eventi proprio nel periodo in cui questo settore sembrava davvero non avere un futuro roseo. Ma la voglia di mettermi in gioco in questo ambito e la fiducia che le cose sarebbero cambiate mi hanno portato ad avventurarmi in quello che molto probabilmente \u00e8 il lavoro della mia vita. Il primo evento a cui ho lavorato e al quale sono particolarmente legata \u00e8 la FIERA DI SAN VALENTINO che si svolge ogni anno nel mese di Febbraio a Pozzoleone (Vicenza). Un evento complesso, impegnativo ma allo stesso tempo meraviglioso che rapisce chiunque ne venga a contatto. Come un paese di poco meno di tremila abitanti si mobiliti per accogliere pi\u00f9 di 40000 persone con un entusiasmo e una passione unica rimane la cosa pi\u00f9 sorprendente di ogni edizione.<\/p>\n<p>&nbsp;<\/p>\n<h4 style=\"text-align: left;\"><strong><span style=\"color: #ff0000;\">Il mio modo di lavorare<\/span><\/strong><\/h4>\n<p style=\"text-align: left;\">Sicuramente una delle cose che mi caratterizza \u00e8 l\u2019attenzione ai dettagli: in ogni evento, piccolo o grande che sia, mi piace che ogni cosa sia pensata, ragionata, coerente con tutto quello che viene creato. E tutto quello che viene creato \u00e8 ogni volta unico e particolare: non ho un format standard da proporre, ma modalit\u00e0 di pensare e immaginare che sappiano ogni volta dar vita ad un evento su misura a seconda del territorio e del contesto in cui viene proposto e per le finalit\u00e0 che deve assolvere. Sono sempre alla ricerca di nuove idee e spunti per tematiche e allestimenti: a volte li trovo nei libri, altre volte in una semplice passeggiata, altre ancora in una frase detta conversando, sempre con l\u2019intento di portare qualit\u00e0 e originalit\u00e0 in ogni proposta.<\/p>\n<h4 style=\"text-align: left;\"><strong><span style=\"color: #ff0000;\">Cosa mi piace del mio lavoro<\/span><\/strong><\/h4>\n<p style=\"text-align: left;\">Organizzare eventi, qualsiasi tipo di evento, \u00e8 un\u2019attivit\u00e0 nella quale si pu\u00f2 davvero dare sfogo alla fantasia e alla creativit\u00e0: anzi osare, provare, ideare, modificare \u00e8 quasi d\u2019obbligo per poter differenziarsi dagli altri e regalare esperienze uniche. E\u2019 un lavoro che mi permette di conoscere sempre nuovi professionisti in vari ambiti e settori, di costruire con loro una relazione di fiducia reciproca che ci porta anche a sperimentare e ideare insieme cose nuove.<\/p>\n<p>&nbsp;<\/p>\n<p>&nbsp;<\/p>\n<p><img loading=\"lazy\" decoding=\"async\" class=\"aligncenter size-full wp-image-7096\" src=\"https:\/\/www.marteeventi.com\/wp-content\/uploads\/2026\/03\/bannerarianna.png\" alt=\"\" width=\"2200\" height=\"550\" srcset=\"https:\/\/www.marteeventi.com\/wp-content\/uploads\/2026\/03\/bannerarianna.png 2200w, https:\/\/www.marteeventi.com\/wp-content\/uploads\/2026\/03\/bannerarianna-300x75.png 300w, https:\/\/www.marteeventi.com\/wp-content\/uploads\/2026\/03\/bannerarianna-1024x256.png 1024w, https:\/\/www.marteeventi.com\/wp-content\/uploads\/2026\/03\/bannerarianna-2000x500.png 2000w\" sizes=\"auto, (max-width: 2200px) 100vw, 2200px\" \/><\/p>\n<p>&nbsp;<\/p>\n<p>&nbsp;<\/p>\n","protected":false},"excerpt":{"rendered":"<p>Chi sono Mi chiamo Arianna Greggio e dal 2020 mi occupo dell\u2019organizzazione di eventi. S\u00ec, lo so, dire eventi e anno 2020 nella stessa frase sembra davvero una cosa assurda. Eppure \u00e8 cos\u00ec: ho aperto partita iva come organizzatrice di eventi proprio nel periodo in cui questo settore sembrava davvero non avere un futuro roseo. &hellip; <\/p>\n<p class=\"link-more\"><a href=\"https:\/\/www.marteeventi.com\/index.php\/chisono\/\" class=\"more-link\">Leggi tutto<span class=\"screen-reader-text\"> &#8220;Chi sono&#8221;<\/span><\/a><\/p>\n","protected":false},"author":1,"featured_media":0,"parent":0,"menu_order":0,"comment_status":"closed","ping_status":"closed","template":"page-templates\/no-title.php","meta":{"inspiro_hide_title":false,"footnotes":""},"class_list":["post-6837","page","type-page","status-publish","hentry"],"featured_media_urls":[],"_links":{"self":[{"href":"https:\/\/www.marteeventi.com\/index.php\/wp-json\/wp\/v2\/pages\/6837","targetHints":{"allow":["GET"]}}],"collection":[{"href":"https:\/\/www.marteeventi.com\/index.php\/wp-json\/wp\/v2\/pages"}],"about":[{"href":"https:\/\/www.marteeventi.com\/index.php\/wp-json\/wp\/v2\/types\/page"}],"author":[{"embeddable":true,"href":"https:\/\/www.marteeventi.com\/index.php\/wp-json\/wp\/v2\/users\/1"}],"replies":[{"embeddable":true,"href":"https:\/\/www.marteeventi.com\/index.php\/wp-json\/wp\/v2\/comments?post=6837"}],"version-history":[{"count":48,"href":"https:\/\/www.marteeventi.com\/index.php\/wp-json\/wp\/v2\/pages\/6837\/revisions"}],"predecessor-version":[{"id":7155,"href":"https:\/\/www.marteeventi.com\/index.php\/wp-json\/wp\/v2\/pages\/6837\/revisions\/7155"}],"wp:attachment":[{"href":"https:\/\/www.marteeventi.com\/index.php\/wp-json\/wp\/v2\/media?parent=6837"}],"curies":[{"name":"wp","href":"https:\/\/api.w.org\/{rel}","templated":true}]}}